{"id":1168,"date":"2022-01-07T12:58:13","date_gmt":"2022-01-07T12:58:13","guid":{"rendered":"https:\/\/meandcolibri.com\/ana-sayfa"},"modified":"2024-05-30T09:56:48","modified_gmt":"2024-05-30T09:56:48","slug":"ana-sayfa","status":"publish","type":"page","link":"https:\/\/meandcolibri.com\/tr","title":{"rendered":"ANA SAYFA"},"content":{"rendered":"\n<h2>\n\t\tMI\u0307SYONUMUZ VE DE\u011eERLERI\u0307MI\u0307Z\n\t<\/h2>\n\t<p><b>TOPLUMLARA BA\u011eLILIK<\/b><\/p>\n\t<p>Kendimizi somut eylemler yoluyla zor durumdaki topluluklara yard\u0131m etmeye adad\u0131k.<\/p>\n\t<b>B\u00dcT\u00dcNL\u00dcK VE<br \/>\n\u015eEFFAFLIK<\/b>\n\t<p>Kendimizi somut eylemler yoluyla zor durumdaki topluluklara yard\u0131m etmeye adad\u0131k.<\/p>\n\t<b>SORUMLULUK<br \/>\nSOSYAL<\/b>\n\t<p>Eylemlerimizin kal\u0131c\u0131 bir olumlu etki yaratmas\u0131n\u0131 sa\u011flayan sosyal sorumluluk taahh\u00fcd\u00fcm\u00fczle gurur duyuyoruz.<\/p>\n<h2>\n\t\t2024-2025 YILLARI I\u00c7IN ANA EYLEMLERIMIZ\n\t<\/h2>\n<h2>\n\t\tT\u00dcRKI\u0307YE&#8217;DE 06 \u015eUBAT 2023&#8217;TE MEYDANA GELEN DEPREMI\u0307N MA\u011eDURLARINA YARDIM\n\t<\/h2>\n\t<p>Derne\u011fimizin 2024 y\u0131l\u0131 i\u00e7in en \u00f6nemli faaliyeti, depremden en \u00e7ok etkilenen T\u00fcrk ailelere yard\u0131m sa\u011flamakt\u0131r. Do\u011fal afetler meydana geldi\u011finde, \u00f6zellikle bir gecede her \u015feyini kaybeden d\u00fc\u015f\u00fck gelirli haneler i\u00e7in sonu\u00e7lar genellikle y\u0131k\u0131c\u0131d\u0131r. Taahh\u00fcd\u00fcm\u00fcz basit bir empatinin \u00f6tesine ge\u00e7iyor; par\u00e7alanm\u0131\u015f hayatlar\u0131 yeniden in\u015fa etmek i\u00e7in somut, anlaml\u0131 destek sa\u011flamakla ilgili.<\/p>\n<p>\u0130lk olarak, Me &amp; Colibri derne\u011fimiz, bu ailelerin evlerini kaybetmelerinin \u00fcstesinden gelmelerine yard\u0131mc\u0131 olmak i\u00e7in \u00f6nemli miktarda mali yard\u0131m sa\u011flamay\u0131 ama\u00e7lamaktad\u0131r. Bir evin yeniden in\u015fa edilmesi, g\u00fcnl\u00fck ya\u015fam\u0131n normalle\u015ftirilmesi ve itibar\u0131n yeniden kazan\u0131lmas\u0131 i\u00e7in \u00e7ok \u00f6nemli bir ad\u0131md\u0131r. Yeniden yerle\u015ftirme i\u00e7in gerekli mali kaynaklar\u0131 sa\u011flamaya ve b\u00f6ylece istikrarl\u0131 ve g\u00fcvenli bir yuva sunmaya kararl\u0131y\u0131z.<\/p>\n<p>Ayn\u0131 zamanda, \u00f6zellikle etkilenen \u00e7ocuklar i\u00e7in e\u011fitimde s\u00fcreklili\u011fin \u00f6neminin fark\u0131nday\u0131z. Afetin yaratt\u0131\u011f\u0131 zorluklara ra\u011fmen ailelerin \u00e7ocuklar\u0131n\u0131n e\u011fitime eri\u015fimlerinin devam etmesini sa\u011flamak i\u00e7in \u00e7al\u0131\u015f\u0131yoruz. Bu, okul malzemelerinin sa\u011flanmas\u0131n\u0131, yeni okullara kay\u0131t i\u00e7in destek verilmesini ve hatta ev \u00f6devi yard\u0131m programlar\u0131n\u0131n olu\u015fturulmas\u0131n\u0131 i\u00e7erebilir. E\u011fitim, gelecek i\u00e7in g\u00fc\u00e7l\u00fc bir kald\u0131ra\u00e7t\u0131r ve derne\u011fimiz her \u00e7ocuk i\u00e7in bu f\u0131rsat\u0131 korumak i\u00e7in \u00e7aba g\u00f6stermektedir.<\/p>\n<p>Dahas\u0131, t\u0131bbi ve paramedikal bak\u0131ma eri\u015fimin mutlak bir \u00f6ncelik oldu\u011funu d\u00fc\u015f\u00fcn\u00fcyoruz. Bir felaketin fiziksel ve duygusal sonu\u00e7lar\u0131 derin olabilir ve amac\u0131m\u0131z ailelerin ihtiya\u00e7 duyduklar\u0131 bak\u0131m\u0131 almalar\u0131n\u0131 sa\u011flamakt\u0131r. Buna t\u0131bbi masraflar, terapi seanslar\u0131, ila\u00e7lar ve fiziksel ve duygusal iyile\u015fme i\u00e7in gereken di\u011fer destekler dahil olabilir.<\/p>\n<p>K\u0131sacas\u0131 derne\u011fimiz, evlerin yeniden in\u015fas\u0131ndan s\u00fcrekli e\u011fitime ve t\u0131bbi bak\u0131ma eri\u015fime kadar entegre yard\u0131m sa\u011flamay\u0131 taahh\u00fct etmektedir. Bu somut eylemler arac\u0131l\u0131\u011f\u0131yla depremden etkilenenlere umut ve istikrar\u0131 yeniden kazand\u0131rmay\u0131, dayan\u0131kl\u0131l\u0131k ve yeniden yap\u0131lanma yolunda onlara e\u015flik etmeyi ama\u00e7l\u0131yoruz.<\/p>\n\n\t\t\t<a href=\"https:\/\/www.payasso.fr\/me-colibri\/don\" target=\"_self\" rel=\"noopener\">\n\t\t\t\t\t\tBA\u011eI\u015e YAPIN\n\t\t\t\t\t<\/a>\n<h2>\n\t\tFI\u0307NANSAL DESTEK AMACIMIZ\n\t<\/h2>\n\t<p>\u00d6nemli mali destek sa\u011flamadaki ilk hedefimiz depremden etkilenenlere adanm\u0131\u015ft\u0131r.<\/p>\n<p>Bu fonlar, evlerini kaybeden ailelerin yeniden ev sahibi olmalar\u0131na yard\u0131mc\u0131 olmak ve hayatlar\u0131n\u0131 yeniden in\u015fa etmelerini kolayla\u015ft\u0131rmak i\u00e7in tahsis edilecektir. Ayr\u0131ca, afetin yol a\u00e7t\u0131\u011f\u0131 kesintiye ra\u011fmen \u00e7ocuklar\u0131n e\u011fitimlerine devam etmelerine f\u0131rsat vererek e\u011fitime kesintisiz eri\u015fim sa\u011flamay\u0131 ama\u00e7l\u0131yoruz.<\/p>\n<p>Fonlar ayn\u0131 zamanda t\u0131bbi bak\u0131m i\u00e7in de kullan\u0131lacak ve yaralanmalar\u0131ndan kurtulup g\u00fcnl\u00fck hayatlar\u0131na devam edebilmeleri i\u00e7in ihtiya\u00e7 duyduklar\u0131 tedaviyi sa\u011flayacak.<\/p>\n<p>Her katk\u0131 \u00f6nemlidir ve birlikte depremin yaralar\u0131n\u0131 sarmaya \u00e7al\u0131\u015fan insanlar\u0131n hayatlar\u0131nda \u00f6nemli bir fark yaratabiliriz. <\/p>\n<h2>\n\t\tBA\u011eI\u015e T\u00dcRLERI\u0307\n\t<\/h2>\n\t<ul>\n\t\t\t<li>\n\t\t\t\tMALI\u0307 BA\u011eI\u015eLAR\n\t\t\t<\/li>\n\t\t<\/ul>\n\t<p>Parasal ba\u011f\u0131\u015flar, en acil ihtiya\u00e7lar\u0131n kar\u015f\u0131lanmas\u0131n\u0131, malzeme sat\u0131n al\u0131nmas\u0131n\u0131, belirli projelerin finanse edilmesini ve operasyonel maliyetlerin kar\u015f\u0131lanmas\u0131n\u0131 m\u00fcmk\u00fcn k\u0131lmaktad\u0131r. Bireyler ve \u015firketler ba\u011f\u0131\u015flar\u0131n\u0131 gelir vergisinden d\u00fc\u015febilir, bu da vergi y\u00fcklerini azaltabilir. Her ba\u011f\u0131\u015f i\u00e7in bir vergi makbuzu d\u00fczenlenecektir (sadece Fransa&#8217;da vergi m\u00fckellefi olanlar).<\/p>\n\t<ul>\n\t\t\t<li>\n\t\t\t\tAYNI\u0307 BA\u011eI\u015eLAR\n\t\t\t<\/li>\n\t\t<\/ul>\n\t<p>Baz\u0131 ba\u011f\u0131\u015f\u00e7\u0131lar giysi, oyuncak, okul malzemeleri, bozulmayan g\u0131da maddeleri, t\u0131bbi ekipman vb. gibi maddi yard\u0131mlarda bulunmay\u0131 tercih etmektedir. Bu ba\u011f\u0131\u015flar do\u011frudan yararlan\u0131c\u0131lara da\u011f\u0131t\u0131labilir veya derne\u011fin programlar\u0131n\u0131 g\u00fc\u00e7lendirmek i\u00e7in kullan\u0131labilir.<\/p>\n\t<ul>\n\t\t\t<li>\n\t\t\t\tBECERI\u0307 BA\u011eI\u015eLARI\n\t\t\t<\/li>\n\t\t<\/ul>\n\t<p>Profesyoneller beceri ve uzmanl\u0131klar\u0131yla katk\u0131da bulunabilirler. Bu, yasal hizmetleri, pazarlama becerilerini, teknik becerileri i\u00e7erebilir&#8230;<\/p>\n\t<ul>\n\t\t\t<li>\n\t\t\t\tZAMAN BA\u011eI\u015eI\n\t\t\t<\/li>\n\t\t<\/ul>\n\t<p>G\u00f6n\u00fcll\u00fcl\u00fck, vermenin de\u011ferli bir bi\u00e7imidir. G\u00f6n\u00fcll\u00fcler sahadaki projelerde yer alabilir, ba\u011f\u0131\u015f toplamaya yard\u0131mc\u0131 olabilir, kurulu\u015flar\u0131n y\u00f6netiminde uzmanl\u0131klar\u0131n\u0131 sunabilir&#8230;<\/p>\n\t<ul>\n\t\t\t<li>\n\t\t\t\tKURUMSAL BA\u011eI\u015eLAR\n\t\t\t<\/li>\n\t\t<\/ul>\n\t<p>\u015eirketler mali veya ayni ba\u011f\u0131\u015flarda bulunarak ya da ortakl\u0131klar kurarak katk\u0131da bulunabilirler. Buna kurumsal sosyal sorumluluk (KSS) programlar\u0131 da dahil olabilir.<\/p>\n\t\t\t<a href=\"https:\/\/www.payasso.fr\/me-colibri\/don\" target=\"_self\" rel=\"noopener\">\n\t\t\t\t\t\tBA\u011eI\u015e YAPIN\n\t\t\t\t\t<\/a>\n\t\u015eirketler mali veya ayni ba\u011f\u0131\u015flarda bulunarak ya da ortakl\u0131klar kurarak katk\u0131da bulunabilirler.<br \/>\nBuna kurumsal sosyal sorumluluk (KSS) programlar\u0131 da dahil olabilir.\n\n","protected":false},"excerpt":{"rendered":"<p>MI\u0307SYONUMUZ VE DE\u011eERLERI\u0307MI\u0307Z TOPLUMLARA BA\u011eLILIK Kendimizi somut eylemler yoluyla zor durumdaki topluluklara yard\u0131m etmeye adad\u0131k. B\u00dcT\u00dcNL\u00dcK VE \u015eEFFAFLIK Kendimizi somut eylemler yoluyla zor durumdaki topluluklara yard\u0131m etmeye adad\u0131k. SORUMLULUK SOSYAL Eylemlerimizin kal\u0131c\u0131 bir olumlu etki yaratmas\u0131n\u0131 sa\u011flayan sosyal sorumluluk taahh\u00fcd\u00fcm\u00fczle gurur duyuyoruz. 2024-2025 YILLARI I\u00c7IN ANA EYLEMLERIMIZ T\u00dcRKI\u0307YE&#8217;DE 06 \u015eUBAT 2023&#8217;TE MEYDANA GELEN DEPREMI\u0307N MA\u011eDURLARINA [&hellip;]<\/p>\n","protected":false},"author":1,"featured_media":0,"parent":0,"menu_order":0,"comment_status":"closed","ping_status":"closed","template":"","meta":{"_seopress_robots_primary_cat":"","_seopress_titles_title":"","_seopress_titles_desc":"","_seopress_robots_index":"","site-sidebar-layout":"no-sidebar","site-content-layout":"page-builder","ast-site-content-layout":"default","site-content-style":"default","site-sidebar-style":"default","ast-global-header-display":"","ast-banner-title-visibility":"","ast-main-header-display":"","ast-hfb-above-header-display":"","ast-hfb-below-header-display":"","ast-hfb-mobile-header-display":"","site-post-title":"disabled","ast-breadcrumbs-content":"disabled","ast-featured-img":"","footer-sml-layout":"","theme-transparent-header-meta":"","adv-header-id-meta":"","stick-header-meta":"","header-above-stick-meta":"","header-main-stick-meta":"","header-below-stick-meta":"","astra-migrate-meta-layouts":"default","ast-page-background-enabled":"default","ast-page-background-meta":{"desktop":{"background-color":"var(--ast-global-color-4)","background-image":"","background-repeat":"repeat","background-position":"center center","background-size":"auto","background-attachment":"scroll","background-type":"","background-media":"","overlay-type":"","overlay-color":"","overlay-opacity":"","overlay-gradient":""},"tablet":{"background-color":"","background-image":"","background-repeat":"repeat","background-position":"center center","background-size":"auto","background-attachment":"scroll","background-type":"","background-media":"","overlay-type":"","overlay-color":"","overlay-opacity":"","overlay-gradient":""},"mobile":{"background-color":"","background-image":"","background-repeat":"repeat","background-position":"center center","background-size":"auto","background-attachment":"scroll","background-type":"","background-media":"","overlay-type":"","overlay-color":"","overlay-opacity":"","overlay-gradient":""}},"ast-content-background-meta":{"desktop":{"background-color":"var(--ast-global-color-5)","background-image":"","background-repeat":"repeat","background-position":"center center","background-size":"auto","background-attachment":"scroll","background-type":"","background-media":"","overlay-type":"","overlay-color":"","overlay-opacity":"","overlay-gradient":""},"tablet":{"background-color":"var(--ast-global-color-5)","background-image":"","background-repeat":"repeat","background-position":"center center","background-size":"auto","background-attachment":"scroll","background-type":"","background-media":"","overlay-type":"","overlay-color":"","overlay-opacity":"","overlay-gradient":""},"mobile":{"background-color":"var(--ast-global-color-5)","background-image":"","background-repeat":"repeat","background-position":"center center","background-size":"auto","background-attachment":"scroll","background-type":"","background-media":"","overlay-type":"","overlay-color":"","overlay-opacity":"","overlay-gradient":""}},"footnotes":""},"class_list":["post-1168","page","type-page","status-publish","hentry"],"_links":{"self":[{"href":"https:\/\/meandcolibri.com\/tr\/wp-json\/wp\/v2\/pages\/1168","targetHints":{"allow":["GET"]}}],"collection":[{"href":"https:\/\/meandcolibri.com\/tr\/wp-json\/wp\/v2\/pages"}],"about":[{"href":"https:\/\/meandcolibri.com\/tr\/wp-json\/wp\/v2\/types\/page"}],"author":[{"embeddable":true,"href":"https:\/\/meandcolibri.com\/tr\/wp-json\/wp\/v2\/users\/1"}],"replies":[{"embeddable":true,"href":"https:\/\/meandcolibri.com\/tr\/wp-json\/wp\/v2\/comments?post=1168"}],"version-history":[{"count":0,"href":"https:\/\/meandcolibri.com\/tr\/wp-json\/wp\/v2\/pages\/1168\/revisions"}],"wp:attachment":[{"href":"https:\/\/meandcolibri.com\/tr\/wp-json\/wp\/v2\/media?parent=1168"}],"curies":[{"name":"wp","href":"https:\/\/api.w.org\/{rel}","templated":true}]}}