{"id":1287,"date":"2022-01-07T12:58:13","date_gmt":"2022-01-07T12:58:13","guid":{"rendered":"https:\/\/meandcolibri.com\/inicio"},"modified":"2024-05-30T10:08:21","modified_gmt":"2024-05-30T10:08:21","slug":"inicio","status":"publish","type":"page","link":"https:\/\/meandcolibri.com\/pt-pt","title":{"rendered":"IN\u00cdCIO"},"content":{"rendered":"\n<h2>\n\t\tA NOSSA MISS\u00c3O E VALORES\n\t<\/h2>\n\t<p><b>COMPROMISSO COM AS COMUNIDADES<\/b><\/p>\n\t<p>Estamos empenhados em ajudar as comunidades em dificuldade atrav\u00e9s de ac\u00e7\u00f5es concretas.<\/p>\n\t<b>INTEGRIDADE E<br \/>\nTRANSPAR\u00caNCIA<\/b>\n\t<p>Estamos empenhados em ajudar as comunidades em dificuldade atrav\u00e9s de ac\u00e7\u00f5es concretas.<\/p>\n\t<b>RESPONSABILIDADE<br \/>\nSOCIAL<\/b>\n\t<p>Estamos orgulhosos do nosso compromisso com a responsabilidade social, assegurando que as nossas ac\u00e7\u00f5es t\u00eam um impacto positivo duradouro.<\/p>\n<h2>\n\t\tAS NOSSAS PRINCIPAIS AC\u00c7\u00d5ES PARA 2024 &#8211; 2025\n\t<\/h2>\n<h2>\n\t\tAJUDA \u00c0S V\u00cdTIMAS DO TERRAMOTO DE 6 DE FEVEREIRO DE 2023 NA TURQUIA\n\t<\/h2>\n\t<p>A a\u00e7\u00e3o-chave da nossa associa\u00e7\u00e3o para 2024 \u00e9 prestar ajuda \u00e0s fam\u00edlias turcas duramente atingidas pelo terramoto. Quando ocorrem cat\u00e1strofes naturais, as consequ\u00eancias s\u00e3o muitas vezes devastadoras, sobretudo para os agregados familiares com baixos rendimentos que perdem tudo de um dia para o outro. O nosso compromisso vai para al\u00e9m da simples empatia; trata-se de fornecer apoio tang\u00edvel e significativo para reconstruir vidas destro\u00e7adas.<\/p>\n<p>Em primeiro lugar, a nossa associa\u00e7\u00e3o Me &amp; Colibri tem como objetivo prestar uma ajuda financeira substancial para ajudar estas fam\u00edlias a ultrapassar a perda das suas casas. A reconstru\u00e7\u00e3o de uma casa \u00e9 um passo crucial para normalizar a vida quotidiana e restaurar a dignidade. Comprometemo-nos a fornecer os recursos financeiros necess\u00e1rios para o realojamento, oferecendo assim um lar est\u00e1vel e seguro.<\/p>\n<p>Ao mesmo tempo, reconhecemos a import\u00e2ncia da continuidade da educa\u00e7\u00e3o, especialmente para as crian\u00e7as afectadas. Estamos a trabalhar para garantir que as crian\u00e7as das fam\u00edlias continuem a ter acesso \u00e0 educa\u00e7\u00e3o, apesar dos desafios colocados pela cat\u00e1strofe. Isto pode incluir o fornecimento de material escolar, o apoio \u00e0 inscri\u00e7\u00e3o em novas escolas e at\u00e9 a cria\u00e7\u00e3o de programas de ajuda nos trabalhos de casa. A educa\u00e7\u00e3o \u00e9 uma alavanca poderosa para o futuro, e a nossa associa\u00e7\u00e3o esfor\u00e7a-se por preservar esta oportunidade para todas as crian\u00e7as.<\/p>\n<p>Al\u00e9m disso, consideramos que o acesso aos cuidados m\u00e9dicos e param\u00e9dicos \u00e9 uma prioridade absoluta. As consequ\u00eancias f\u00edsicas e emocionais de uma cat\u00e1strofe podem ser profundas, e o nosso objetivo \u00e9 garantir que as fam\u00edlias recebem os cuidados de que necessitam. Isto pode incluir despesas m\u00e9dicas, sess\u00f5es de terapia, medica\u00e7\u00e3o e qualquer outro apoio necess\u00e1rio para a cura f\u00edsica e emocional.<\/p>\n<p>Em suma, a nossa associa\u00e7\u00e3o est\u00e1 empenhada em prestar uma assist\u00eancia integrada, desde a reconstru\u00e7\u00e3o de casas at\u00e9 \u00e0 forma\u00e7\u00e3o cont\u00ednua e ao acesso a cuidados m\u00e9dicos. \u00c9 atrav\u00e9s destas ac\u00e7\u00f5es concretas que pretendemos devolver a esperan\u00e7a e a estabilidade \u00e0s pessoas afectadas pelo terramoto, acompanhando-as no caminho da resili\u00eancia e da reconstru\u00e7\u00e3o.<\/p>\n\n\t\t\t<a href=\"https:\/\/www.payasso.fr\/me-colibri\/don\" target=\"_self\" rel=\"noopener\">\n\t\t\t\t\t\tFAZ UM DONATIVO\n\t\t\t\t\t<\/a>\n<h2>\n\t\tO NOSSO OBJECTIVO DE APOIO FINANCEIRO\n\t<\/h2>\n\t<p>O nosso primeiro objetivo, ao prestar um apoio financeiro crucial, \u00e9 dedicado \u00e0s pessoas afectadas pelo terramoto.<\/p>\n<p>Estes fundos ser\u00e3o atribu\u00eddos para ajudar a realojar as fam\u00edlias que perderam as suas casas, facilitando-lhes a reconstru\u00e7\u00e3o das suas vidas. Al\u00e9m disso, pretendemos assegurar o acesso ininterrupto \u00e0 educa\u00e7\u00e3o, dando \u00e0s crian\u00e7as a oportunidade de continuarem a estudar, apesar das perturba\u00e7\u00f5es causadas pela cat\u00e1strofe.<\/p>\n<p>Os fundos tamb\u00e9m se destinam a cuidados m\u00e9dicos, proporcionando-lhes o tratamento de que necessitam para recuperarem das les\u00f5es e continuarem a sua vida quotidiana.<\/p>\n<p>Todas as contribui\u00e7\u00f5es contam e, juntos, podemos fazer uma diferen\u00e7a significativa na vida das pessoas que lutam para recuperar do terramoto. <\/p>\n<h2>\n\t\tTIPOS DE DOA\u00c7\u00c3O\n\t<\/h2>\n\t<ul>\n\t\t\t<li>\n\t\t\t\tDOA\u00c7\u00d5ES FINANCEIRAS\n\t\t\t<\/li>\n\t\t<\/ul>\n\t<p>Os donativos em dinheiro permitem satisfazer as necessidades mais prementes, comprar material, financiar projectos espec\u00edficos e cobrir os custos operacionais. As pessoas singulares e as empresas podem deduzir os seus donativos do seu imposto sobre o rendimento, o que pode reduzir a sua carga fiscal. Ser\u00e1 emitido um recibo fiscal por cada donativo (apenas para residentes fiscais franceses).<\/p>\n\t<ul>\n\t\t\t<li>\n\t\t\t\tDONATIVOS EM ESP\u00c9CIE\n\t\t\t<\/li>\n\t\t<\/ul>\n\t<p>Alguns doadores preferem dar bens materiais, como roupas, brinquedos, material escolar, alimentos n\u00e3o perec\u00edveis, equipamento m\u00e9dico, etc. Estes donativos podem ser redistribu\u00eddos diretamente aos benefici\u00e1rios ou utilizados para refor\u00e7ar os programas da associa\u00e7\u00e3o.<\/p>\n\t<ul>\n\t\t\t<li>\n\t\t\t\tDOA\u00c7\u00d5ES DE COMPET\u00caNCIAS\n\t\t\t<\/li>\n\t\t<\/ul>\n\t<p>Os profissionais podem contribuir com as suas compet\u00eancias e conhecimentos. Pode incluir servi\u00e7os jur\u00eddicos, compet\u00eancias de marketing, compet\u00eancias t\u00e9cnicas&#8230;<\/p>\n\t<ul>\n\t\t\t<li>\n\t\t\t\tDOA\u00c7\u00d5ES DE TEMPO\n\t\t\t<\/li>\n\t\t<\/ul>\n\t<p>O voluntariado \u00e9 uma forma preciosa de dar. Os volunt\u00e1rios podem participar em projectos no terreno, ajudar na angaria\u00e7\u00e3o de fundos, contribuir com a sua experi\u00eancia na gest\u00e3o de organiza\u00e7\u00f5es&#8230;<\/p>\n\t<ul>\n\t\t\t<li>\n\t\t\t\tDONATIVOS DE EMPRESAS\n\t\t\t<\/li>\n\t\t<\/ul>\n\t<p>As empresas podem contribuir atrav\u00e9s de donativos financeiros ou em esp\u00e9cie, ou atrav\u00e9s do lan\u00e7amento de parcerias. Pode tamb\u00e9m incluir programas de responsabilidade social das empresas (RSE).<\/p>\n\t\t\t<a href=\"https:\/\/www.payasso.fr\/me-colibri\/don\" target=\"_self\" rel=\"noopener\">\n\t\t\t\t\t\tFAZ UM DONATIVO\n\t\t\t\t\t<\/a>\n\tAs empresas podem contribuir atrav\u00e9s de donativos financeiros ou em esp\u00e9cie, ou atrav\u00e9s do lan\u00e7amento de parcerias.<br \/>\nPode tamb\u00e9m incluir programas de responsabilidade social das empresas (RSE).\n\n","protected":false},"excerpt":{"rendered":"<p>A NOSSA MISS\u00c3O E VALORES COMPROMISSO COM AS COMUNIDADES Estamos empenhados em ajudar as comunidades em dificuldade atrav\u00e9s de ac\u00e7\u00f5es concretas. INTEGRIDADE E TRANSPAR\u00caNCIA Estamos empenhados em ajudar as comunidades em dificuldade atrav\u00e9s de ac\u00e7\u00f5es concretas. RESPONSABILIDADE SOCIAL Estamos orgulhosos do nosso compromisso com a responsabilidade social, assegurando que as nossas ac\u00e7\u00f5es t\u00eam um impacto [&hellip;]<\/p>\n","protected":false},"author":1,"featured_media":0,"parent":0,"menu_order":0,"comment_status":"closed","ping_status":"closed","template":"","meta":{"_seopress_robots_primary_cat":"","_seopress_titles_title":"","_seopress_titles_desc":"","_seopress_robots_index":"","site-sidebar-layout":"no-sidebar","site-content-layout":"page-builder","ast-site-content-layout":"default","site-content-style":"default","site-sidebar-style":"default","ast-global-header-display":"","ast-banner-title-visibility":"","ast-main-header-display":"","ast-hfb-above-header-display":"","ast-hfb-below-header-display":"","ast-hfb-mobile-header-display":"","site-post-title":"disabled","ast-breadcrumbs-content":"disabled","ast-featured-img":"","footer-sml-layout":"","theme-transparent-header-meta":"","adv-header-id-meta":"","stick-header-meta":"","header-above-stick-meta":"","header-main-stick-meta":"","header-below-stick-meta":"","astra-migrate-meta-layouts":"default","ast-page-background-enabled":"default","ast-page-background-meta":{"desktop":{"background-color":"var(--ast-global-color-4)","background-image":"","background-repeat":"repeat","background-position":"center center","background-size":"auto","background-attachment":"scroll","background-type":"","background-media":"","overlay-type":"","overlay-color":"","overlay-opacity":"","overlay-gradient":""},"tablet":{"background-color":"","background-image":"","background-repeat":"repeat","background-position":"center center","background-size":"auto","background-attachment":"scroll","background-type":"","background-media":"","overlay-type":"","overlay-color":"","overlay-opacity":"","overlay-gradient":""},"mobile":{"background-color":"","background-image":"","background-repeat":"repeat","background-position":"center center","background-size":"auto","background-attachment":"scroll","background-type":"","background-media":"","overlay-type":"","overlay-color":"","overlay-opacity":"","overlay-gradient":""}},"ast-content-background-meta":{"desktop":{"background-color":"var(--ast-global-color-5)","background-image":"","background-repeat":"repeat","background-position":"center center","background-size":"auto","background-attachment":"scroll","background-type":"","background-media":"","overlay-type":"","overlay-color":"","overlay-opacity":"","overlay-gradient":""},"tablet":{"background-color":"var(--ast-global-color-5)","background-image":"","background-repeat":"repeat","background-position":"center center","background-size":"auto","background-attachment":"scroll","background-type":"","background-media":"","overlay-type":"","overlay-color":"","overlay-opacity":"","overlay-gradient":""},"mobile":{"background-color":"var(--ast-global-color-5)","background-image":"","background-repeat":"repeat","background-position":"center center","background-size":"auto","background-attachment":"scroll","background-type":"","background-media":"","overlay-type":"","overlay-color":"","overlay-opacity":"","overlay-gradient":""}},"footnotes":""},"class_list":["post-1287","page","type-page","status-publish","hentry"],"_links":{"self":[{"href":"https:\/\/meandcolibri.com\/pt-pt\/wp-json\/wp\/v2\/pages\/1287","targetHints":{"allow":["GET"]}}],"collection":[{"href":"https:\/\/meandcolibri.com\/pt-pt\/wp-json\/wp\/v2\/pages"}],"about":[{"href":"https:\/\/meandcolibri.com\/pt-pt\/wp-json\/wp\/v2\/types\/page"}],"author":[{"embeddable":true,"href":"https:\/\/meandcolibri.com\/pt-pt\/wp-json\/wp\/v2\/users\/1"}],"replies":[{"embeddable":true,"href":"https:\/\/meandcolibri.com\/pt-pt\/wp-json\/wp\/v2\/comments?post=1287"}],"version-history":[{"count":0,"href":"https:\/\/meandcolibri.com\/pt-pt\/wp-json\/wp\/v2\/pages\/1287\/revisions"}],"wp:attachment":[{"href":"https:\/\/meandcolibri.com\/pt-pt\/wp-json\/wp\/v2\/media?parent=1287"}],"curies":[{"name":"wp","href":"https:\/\/api.w.org\/{rel}","templated":true}]}}