{"id":1158,"date":"2022-01-07T12:58:13","date_gmt":"2022-01-07T12:58:13","guid":{"rendered":"https:\/\/meandcolibri.com\/casa"},"modified":"2024-05-30T10:18:56","modified_gmt":"2024-05-30T10:18:56","slug":"casa","status":"publish","type":"page","link":"https:\/\/meandcolibri.com\/it","title":{"rendered":"CASA"},"content":{"rendered":"\n<h2>\n\t\tLA NOSTRA MISSIONE E I NOSTRI VALORI\n\t<\/h2>\n\t<p><b>IMPEGNO PER LE COMUNIT\u00c0<\/b><\/p>\n\t<p>Ci impegniamo ad aiutare le comunit\u00e0 in difficolt\u00e0 attraverso azioni concrete.<\/p>\n\t<b>INTEGRIT\u00c0 E<br \/>\nTRASPARENZA<\/b>\n\t<p>Ci impegniamo ad aiutare le comunit\u00e0 in difficolt\u00e0 attraverso azioni concrete.<\/p>\n\t<b>RESPONSABILIT\u00c0<br \/>\nSOCIALE<\/b>\n\t<p>Siamo orgogliosi del nostro impegno per la responsabilit\u00e0 sociale, assicurandoci che le nostre azioni abbiano un impatto positivo duraturo.<\/p>\n<h2>\n\t\tLE NOSTRE PRINCIPALI AZIONI PER IL 2024-2025\n\t<\/h2>\n<h2>\n\t\tAIUTARE LE VITTIME DEL TERREMOTO DEL 06 FEBBRAIO 2023 IN TURCHIA\n\t<\/h2>\n\t<p>L&#8217;azione chiave della nostra associazione per il 2024 \u00e8 quella di fornire aiuti alle famiglie turche colpite dal terremoto. Quando i disastri naturali colpiscono, le conseguenze sono spesso devastanti, soprattutto per le famiglie a basso reddito che perdono tutto da un giorno all&#8217;altro. Il nostro impegno va oltre la semplice empatia: si tratta di fornire un supporto concreto e significativo per ricostruire vite distrutte.<\/p>\n<p>In primo luogo, la nostra associazione Me &amp; Colibr\u00ec si propone di fornire una consistente assistenza finanziaria per aiutare queste famiglie a superare la perdita della casa. Ricostruire una casa \u00e8 un passo fondamentale per normalizzare la vita quotidiana e ripristinare la dignit\u00e0. Ci impegniamo a fornire le risorse finanziarie necessarie per una nuova sistemazione, offrendo cos\u00ec una casa stabile e sicura.<\/p>\n<p>Allo stesso tempo, riconosciamo l&#8217;importanza della continuit\u00e0 dell&#8217;istruzione, in particolare per i bambini colpiti. Stiamo lavorando per garantire che i bambini delle famiglie continuino ad avere accesso all&#8217;istruzione nonostante le sfide poste dal disastro. Ci\u00f2 pu\u00f2 includere la fornitura di materiale scolastico, il supporto per l&#8217;iscrizione a nuove scuole e persino la creazione di programmi di aiuto per i compiti. L&#8217;istruzione \u00e8 una potente leva per il futuro e la nostra associazione si impegna a preservare questa opportunit\u00e0 per ogni bambino.<\/p>\n<p>Inoltre, consideriamo l&#8217;accesso alle cure mediche e paramediche una priorit\u00e0 assoluta. Le conseguenze fisiche ed emotive di un disastro possono essere profonde e il nostro obiettivo \u00e8 garantire che le famiglie ricevano l&#8217;assistenza di cui hanno bisogno. Questo pu\u00f2 includere spese mediche, sedute di terapia, farmaci e qualsiasi altro supporto necessario per la guarigione fisica ed emotiva.<\/p>\n<p>In breve, la nostra associazione si impegna a fornire aiuti integrati, dalla ricostruzione di case alla formazione continua e all&#8217;accesso alle cure mediche. \u00c8 attraverso queste azioni concrete che ci proponiamo di ridare speranza e stabilit\u00e0 alle persone colpite dal terremoto, accompagnandole sulla strada della resilienza e della ricostruzione.<\/p>\n\n\t\t\t<a href=\"https:\/\/www.payasso.fr\/me-colibri\/don\" target=\"_self\" rel=\"noopener\">\n\t\t\t\t\t\tFAI UNA DONAZIONE\n\t\t\t\t\t<\/a>\n<h2>\n\t\tIL NOSTRO OBIETTIVO PER IL SOSTEGNO FINANZIARIO\n\t<\/h2>\n\t<p>Il nostro primo obiettivo nel fornire un sostegno finanziario fondamentale \u00e8 dedicato alle persone colpite dal terremoto.<\/p>\n<p>Questi fondi verranno stanziati per aiutare le famiglie che hanno perso la loro casa, rendendo pi\u00f9 facile la ricostruzione delle loro vite. Inoltre, ci proponiamo di garantire un accesso ininterrotto all&#8217;istruzione, dando ai bambini l&#8217;opportunit\u00e0 di continuare a studiare nonostante le interruzioni causate dal disastro.<\/p>\n<p>I fondi saranno destinati anche all&#8217;assistenza medica, fornendo le cure di cui hanno bisogno per riprendersi dalle ferite e continuare la loro vita quotidiana.<\/p>\n<p>Ogni contributo \u00e8 importante e insieme possiamo fare una differenza significativa nelle vite di coloro che stanno lottando per riprendersi dal terremoto. <\/p>\n<h2>\n\t\tTIPI DI DONAZIONE\n\t<\/h2>\n\t<ul>\n\t\t\t<li>\n\t\t\t\tDONAZIONI FINANZIARIE\n\t\t\t<\/li>\n\t\t<\/ul>\n\t<p>Le donazioni monetarie permettono di soddisfare le esigenze pi\u00f9 urgenti, acquistare forniture, finanziare progetti specifici e coprire i costi operativi. I privati e le aziende possono detrarre le loro donazioni dall&#8217;imposta sul reddito, riducendo cos\u00ec l&#8217;onere fiscale. Per ogni donazione verr\u00e0 rilasciata una ricevuta fiscale (solo per i residenti fiscali francesi).<\/p>\n\t<ul>\n\t\t\t<li>\n\t\t\t\tDONAZIONI IN NATURA\n\t\t\t<\/li>\n\t\t<\/ul>\n\t<p>Alcuni donatori preferiscono donare beni materiali come vestiti, giocattoli, materiale scolastico, alimenti non deperibili, attrezzature mediche, ecc. Queste donazioni possono essere ridistribuite direttamente ai beneficiari o utilizzate per rafforzare i programmi dell&#8217;associazione.<\/p>\n\t<ul>\n\t\t\t<li>\n\t\t\t\tDONAZIONI DI COMPETENZE\n\t\t\t<\/li>\n\t\t<\/ul>\n\t<p>I professionisti possono contribuire con le loro capacit\u00e0 e competenze. Questo pu\u00f2 includere servizi legali, competenze di marketing, competenze tecniche&#8230;<\/p>\n\t<ul>\n\t\t\t<li>\n\t\t\t\tDONAZIONI DI TEMPO\n\t\t\t<\/li>\n\t\t<\/ul>\n\t<p>Il volontariato \u00e8 una forma preziosa di donazione. I volontari possono partecipare a progetti sul campo, aiutare nella raccolta di fondi, mettere a disposizione la loro esperienza nella gestione di organizzazioni&#8230;<\/p>\n\t<ul>\n\t\t\t<li>\n\t\t\t\tDONAZIONI AZIENDALI\n\t\t\t<\/li>\n\t\t<\/ul>\n\t<p>Le aziende possono contribuire con donazioni finanziarie o in natura o avviando partnership. Questo pu\u00f2 includere anche programmi di responsabilit\u00e0 sociale d&#8217;impresa (CSR).<\/p>\n\t\t\t<a href=\"https:\/\/www.payasso.fr\/me-colibri\/don\" target=\"_self\" rel=\"noopener\">\n\t\t\t\t\t\tFAI UNA DONAZIONE\n\t\t\t\t\t<\/a>\n\tLe aziende possono contribuire con donazioni finanziarie o in natura o avviando partnership.<br \/>\nQuesto pu\u00f2 includere anche programmi di responsabilit\u00e0 sociale d&#8217;impresa (CSR).\n\n","protected":false},"excerpt":{"rendered":"<p>LA NOSTRA MISSIONE E I NOSTRI VALORI IMPEGNO PER LE COMUNIT\u00c0 Ci impegniamo ad aiutare le comunit\u00e0 in difficolt\u00e0 attraverso azioni concrete. INTEGRIT\u00c0 E TRASPARENZA Ci impegniamo ad aiutare le comunit\u00e0 in difficolt\u00e0 attraverso azioni concrete. RESPONSABILIT\u00c0 SOCIALE Siamo orgogliosi del nostro impegno per la responsabilit\u00e0 sociale, assicurandoci che le nostre azioni abbiano un impatto [&hellip;]<\/p>\n","protected":false},"author":1,"featured_media":0,"parent":0,"menu_order":0,"comment_status":"closed","ping_status":"closed","template":"","meta":{"_seopress_robots_primary_cat":"","_seopress_titles_title":"","_seopress_titles_desc":"","_seopress_robots_index":"","site-sidebar-layout":"no-sidebar","site-content-layout":"page-builder","ast-site-content-layout":"default","site-content-style":"default","site-sidebar-style":"default","ast-global-header-display":"","ast-banner-title-visibility":"","ast-main-header-display":"","ast-hfb-above-header-display":"","ast-hfb-below-header-display":"","ast-hfb-mobile-header-display":"","site-post-title":"disabled","ast-breadcrumbs-content":"disabled","ast-featured-img":"","footer-sml-layout":"","theme-transparent-header-meta":"","adv-header-id-meta":"","stick-header-meta":"","header-above-stick-meta":"","header-main-stick-meta":"","header-below-stick-meta":"","astra-migrate-meta-layouts":"default","ast-page-background-enabled":"default","ast-page-background-meta":{"desktop":{"background-color":"var(--ast-global-color-4)","background-image":"","background-repeat":"repeat","background-position":"center center","background-size":"auto","background-attachment":"scroll","background-type":"","background-media":"","overlay-type":"","overlay-color":"","overlay-opacity":"","overlay-gradient":""},"tablet":{"background-color":"","background-image":"","background-repeat":"repeat","background-position":"center center","background-size":"auto","background-attachment":"scroll","background-type":"","background-media":"","overlay-type":"","overlay-color":"","overlay-opacity":"","overlay-gradient":""},"mobile":{"background-color":"","background-image":"","background-repeat":"repeat","background-position":"center center","background-size":"auto","background-attachment":"scroll","background-type":"","background-media":"","overlay-type":"","overlay-color":"","overlay-opacity":"","overlay-gradient":""}},"ast-content-background-meta":{"desktop":{"background-color":"var(--ast-global-color-5)","background-image":"","background-repeat":"repeat","background-position":"center center","background-size":"auto","background-attachment":"scroll","background-type":"","background-media":"","overlay-type":"","overlay-color":"","overlay-opacity":"","overlay-gradient":""},"tablet":{"background-color":"var(--ast-global-color-5)","background-image":"","background-repeat":"repeat","background-position":"center center","background-size":"auto","background-attachment":"scroll","background-type":"","background-media":"","overlay-type":"","overlay-color":"","overlay-opacity":"","overlay-gradient":""},"mobile":{"background-color":"var(--ast-global-color-5)","background-image":"","background-repeat":"repeat","background-position":"center center","background-size":"auto","background-attachment":"scroll","background-type":"","background-media":"","overlay-type":"","overlay-color":"","overlay-opacity":"","overlay-gradient":""}},"footnotes":""},"class_list":["post-1158","page","type-page","status-publish","hentry"],"_links":{"self":[{"href":"https:\/\/meandcolibri.com\/it\/wp-json\/wp\/v2\/pages\/1158","targetHints":{"allow":["GET"]}}],"collection":[{"href":"https:\/\/meandcolibri.com\/it\/wp-json\/wp\/v2\/pages"}],"about":[{"href":"https:\/\/meandcolibri.com\/it\/wp-json\/wp\/v2\/types\/page"}],"author":[{"embeddable":true,"href":"https:\/\/meandcolibri.com\/it\/wp-json\/wp\/v2\/users\/1"}],"replies":[{"embeddable":true,"href":"https:\/\/meandcolibri.com\/it\/wp-json\/wp\/v2\/comments?post=1158"}],"version-history":[{"count":0,"href":"https:\/\/meandcolibri.com\/it\/wp-json\/wp\/v2\/pages\/1158\/revisions"}],"wp:attachment":[{"href":"https:\/\/meandcolibri.com\/it\/wp-json\/wp\/v2\/media?parent=1158"}],"curies":[{"name":"wp","href":"https:\/\/api.w.org\/{rel}","templated":true}]}}