{"id":1127,"date":"2022-01-07T12:58:13","date_gmt":"2022-01-07T12:58:13","guid":{"rendered":"https:\/\/meandcolibri.com\/inicio"},"modified":"2024-05-28T14:04:39","modified_gmt":"2024-05-28T14:04:39","slug":"inicio","status":"publish","type":"page","link":"https:\/\/meandcolibri.com\/es","title":{"rendered":"INICIO"},"content":{"rendered":"\n<h2>\n\t\tNUESTRA MISI\u00d3N Y VALORES\n\t<\/h2>\n\t<p><b>COMPROMISO CON LAS COMUNIDADES<\/b><\/p>\n\t<p>Nos dedicamos a ayudar a las comunidades en dificultades mediante acciones concretas.<\/p>\n\t<b>INTEGRIDAD Y<br \/>\nTRANSPARENCIA<\/b>\n\t<p>Nos dedicamos a ayudar a las comunidades en dificultades mediante acciones concretas.<\/p>\n\t<b>RESPONSABILIDAD<br \/>\nSOCIAL<\/b>\n\t<p>Estamos orgullosos de nuestro compromiso con la responsabilidad social, garantizando que nuestras acciones tengan un impacto positivo duradero.<\/p>\n<h2>\n\t\tNUESTRAS PRINCIPALES ACCIONES PARA 2024 &#8211; 2025\n\t<\/h2>\n<h2>\n\t\tAYUDA A LAS V\u00cdCTIMAS DEL TERREMOTO DEL 06 DE FEBRERO DE 2023 EN TURQU\u00cdA\n\t<\/h2>\n\t<p>La acci\u00f3n clave de nuestra asociaci\u00f3n para 2024 es prestar ayuda a las familias turcas duramente golpeadas por el terremoto. Cuando se producen cat\u00e1strofes naturales, las consecuencias suelen ser devastadoras, sobre todo para los hogares con rentas bajas, que lo pierden todo de la noche a la ma\u00f1ana. Nuestro compromiso va m\u00e1s all\u00e1 de la simple empat\u00eda; se trata de proporcionar apoyo tangible y significativo para reconstruir vidas destrozadas.<\/p>\n<p>En primer lugar, nuestra asociaci\u00f3n Me &amp; Colibri pretende proporcionar una ayuda econ\u00f3mica sustancial para ayudar a estas familias a superar la p\u00e9rdida de sus hogares. Reconstruir una vivienda es un paso crucial para normalizar la vida cotidiana y recuperar la dignidad. Nos comprometemos a proporcionar los recursos econ\u00f3micos necesarios para el realojamiento, ofreciendo as\u00ed un hogar estable y seguro.<\/p>\n<p>Al mismo tiempo, reconocemos la importancia de la continuidad en la educaci\u00f3n, sobre todo para los ni\u00f1os afectados. Estamos trabajando para garantizar que los hijos de las familias sigan teniendo acceso a la educaci\u00f3n a pesar de las dificultades que plantea la cat\u00e1strofe. Esto puede incluir el suministro de material escolar, el apoyo a la matriculaci\u00f3n en nuevas escuelas e incluso la creaci\u00f3n de programas de ayuda con los deberes. La educaci\u00f3n es una poderosa palanca para el futuro, y nuestra asociaci\u00f3n se esfuerza por preservar esta oportunidad para todos los ni\u00f1os.<\/p>\n<p>Adem\u00e1s, consideramos que el acceso a la atenci\u00f3n m\u00e9dica y param\u00e9dica es una prioridad absoluta. Las consecuencias f\u00edsicas y emocionales de una cat\u00e1strofe pueden ser profundas, y nuestro objetivo es garantizar que las familias reciban la atenci\u00f3n que necesitan. Esto puede incluir gastos m\u00e9dicos, sesiones de terapia, medicaci\u00f3n y cualquier otro apoyo necesario para la curaci\u00f3n f\u00edsica y emocional.<\/p>\n<p>En resumen, nuestra asociaci\u00f3n se compromete a prestar ayuda integral, desde la reconstrucci\u00f3n de viviendas hasta la formaci\u00f3n continua y el acceso a la atenci\u00f3n m\u00e9dica. Mediante estas acciones concretas pretendemos devolver la esperanza y la estabilidad a los afectados por el terremoto, acompa\u00f1\u00e1ndoles en el camino hacia la resiliencia y la reconstrucci\u00f3n.<\/p>\n\n\t\t\t<a href=\"https:\/\/www.payasso.fr\/me-colibri\/don\" target=\"_self\" rel=\"noopener\">\n\t\t\t\t\t\tHAZ UN DONATIVO\n\t\t\t\t\t<\/a>\n<h2>\n\t\tNUESTRO OBJETIVO DE APOYO FINANCIERO\n\t<\/h2>\n\t<p>Nuestro primer objetivo al proporcionar apoyo financiero crucial est\u00e1 dedicado a los afectados por el terremoto.<\/p>\n<p>Estos fondos se destinar\u00e1n a ayudar a realojar a las familias que han perdido sus hogares, facilit\u00e1ndoles la reconstrucci\u00f3n de sus vidas. Adem\u00e1s, pretendemos garantizar el acceso ininterrumpido a la educaci\u00f3n, dando a los ni\u00f1os la oportunidad de continuar su escolarizaci\u00f3n a pesar de los trastornos causados por la cat\u00e1strofe.<\/p>\n<p>Los fondos tambi\u00e9n se destinar\u00e1n a atenci\u00f3n m\u00e9dica, proporcion\u00e1ndoles el tratamiento que necesitan para recuperarse de sus lesiones y seguir con su vida cotidiana.<\/p>\n<p>Cada contribuci\u00f3n cuenta, y juntos podemos marcar una diferencia significativa en la vida de quienes luchan por recuperarse del terremoto. <\/p>\n<h2>\n\t\tTIPOS DE DONACI\u00d3N\n\t<\/h2>\n\t<ul>\n\t\t\t<li>\n\t\t\t\tDONACIONES ECON\u00d3MICAS\n\t\t\t<\/li>\n\t\t<\/ul>\n\t<p>Las donaciones monetarias permiten cubrir las necesidades m\u00e1s acuciantes, adquirir suministros, financiar proyectos espec\u00edficos y sufragar gastos operativos. Los particulares y las empresas pueden deducir sus donativos del impuesto sobre la renta, lo que puede reducir su carga fiscal. Se emitir\u00e1 un recibo fiscal por cada donaci\u00f3n (s\u00f3lo para residentes fiscales franceses).<\/p>\n\t<ul>\n\t\t\t<li>\n\t\t\t\tDONATIVOS EN ESPECIE\n\t\t\t<\/li>\n\t\t<\/ul>\n\t<p>Algunos donantes prefieren donar bienes materiales como ropa, juguetes, material escolar, alimentos no perecederos, equipos m\u00e9dicos, etc. Estos donativos pueden redistribuirse directamente entre los beneficiarios o utilizarse para reforzar los programas de la asociaci\u00f3n.<\/p>\n\t<ul>\n\t\t\t<li>\n\t\t\t\tDONACIONES DE COMPETENCIAS\n\t\t\t<\/li>\n\t\t<\/ul>\n\t<p>Los profesionales pueden aportar sus conocimientos y experiencia. Esto puede incluir servicios jur\u00eddicos, habilidades de marketing, habilidades t\u00e9cnicas&#8230;<\/p>\n\t<ul>\n\t\t\t<li>\n\t\t\t\tDONACIONES DE TIEMPO\n\t\t\t<\/li>\n\t\t<\/ul>\n\t<p>El voluntariado es una forma preciosa de dar. Los voluntarios pueden participar en proyectos sobre el terreno, ayudar a recaudar fondos, aportar su experiencia en la gesti\u00f3n de organizaciones&#8230;<\/p>\n\t<ul>\n\t\t\t<li>\n\t\t\t\tDONACIONES DE EMPRESAS\n\t\t\t<\/li>\n\t\t<\/ul>\n\t<p>Las empresas pueden contribuir mediante donaciones econ\u00f3micas o en especie, o poniendo en marcha asociaciones. Tambi\u00e9n puede incluir programas de responsabilidad social de las empresas (RSE).<\/p>\n\t\t\t<a href=\"https:\/\/www.payasso.fr\/me-colibri\/don\" target=\"_self\" rel=\"noopener\">\n\t\t\t\t\t\tHAZ UN DONATIVO\n\t\t\t\t\t<\/a>\n\tLas empresas pueden contribuir mediante donaciones econ\u00f3micas o en especie, o poniendo en marcha asociaciones.<br \/>\nTambi\u00e9n puede incluir programas de responsabilidad social de las empresas (RSE).\n\n","protected":false},"excerpt":{"rendered":"<p>NUESTRA MISI\u00d3N Y VALORES COMPROMISO CON LAS COMUNIDADES Nos dedicamos a ayudar a las comunidades en dificultades mediante acciones concretas. INTEGRIDAD Y TRANSPARENCIA Nos dedicamos a ayudar a las comunidades en dificultades mediante acciones concretas. RESPONSABILIDAD SOCIAL Estamos orgullosos de nuestro compromiso con la responsabilidad social, garantizando que nuestras acciones tengan un impacto positivo duradero. [&hellip;]<\/p>\n","protected":false},"author":1,"featured_media":0,"parent":0,"menu_order":0,"comment_status":"closed","ping_status":"closed","template":"","meta":{"_seopress_robots_primary_cat":"","_seopress_titles_title":"","_seopress_titles_desc":"","_seopress_robots_index":"","site-sidebar-layout":"no-sidebar","site-content-layout":"page-builder","ast-site-content-layout":"default","site-content-style":"default","site-sidebar-style":"default","ast-global-header-display":"","ast-banner-title-visibility":"","ast-main-header-display":"","ast-hfb-above-header-display":"","ast-hfb-below-header-display":"","ast-hfb-mobile-header-display":"","site-post-title":"disabled","ast-breadcrumbs-content":"disabled","ast-featured-img":"","footer-sml-layout":"","theme-transparent-header-meta":"","adv-header-id-meta":"","stick-header-meta":"","header-above-stick-meta":"","header-main-stick-meta":"","header-below-stick-meta":"","astra-migrate-meta-layouts":"default","ast-page-background-enabled":"default","ast-page-background-meta":{"desktop":{"background-color":"var(--ast-global-color-4)","background-image":"","background-repeat":"repeat","background-position":"center center","background-size":"auto","background-attachment":"scroll","background-type":"","background-media":"","overlay-type":"","overlay-color":"","overlay-opacity":"","overlay-gradient":""},"tablet":{"background-color":"","background-image":"","background-repeat":"repeat","background-position":"center center","background-size":"auto","background-attachment":"scroll","background-type":"","background-media":"","overlay-type":"","overlay-color":"","overlay-opacity":"","overlay-gradient":""},"mobile":{"background-color":"","background-image":"","background-repeat":"repeat","background-position":"center center","background-size":"auto","background-attachment":"scroll","background-type":"","background-media":"","overlay-type":"","overlay-color":"","overlay-opacity":"","overlay-gradient":""}},"ast-content-background-meta":{"desktop":{"background-color":"var(--ast-global-color-5)","background-image":"","background-repeat":"repeat","background-position":"center center","background-size":"auto","background-attachment":"scroll","background-type":"","background-media":"","overlay-type":"","overlay-color":"","overlay-opacity":"","overlay-gradient":""},"tablet":{"background-color":"var(--ast-global-color-5)","background-image":"","background-repeat":"repeat","background-position":"center center","background-size":"auto","background-attachment":"scroll","background-type":"","background-media":"","overlay-type":"","overlay-color":"","overlay-opacity":"","overlay-gradient":""},"mobile":{"background-color":"var(--ast-global-color-5)","background-image":"","background-repeat":"repeat","background-position":"center center","background-size":"auto","background-attachment":"scroll","background-type":"","background-media":"","overlay-type":"","overlay-color":"","overlay-opacity":"","overlay-gradient":""}},"footnotes":""},"class_list":["post-1127","page","type-page","status-publish","hentry"],"_links":{"self":[{"href":"https:\/\/meandcolibri.com\/es\/wp-json\/wp\/v2\/pages\/1127","targetHints":{"allow":["GET"]}}],"collection":[{"href":"https:\/\/meandcolibri.com\/es\/wp-json\/wp\/v2\/pages"}],"about":[{"href":"https:\/\/meandcolibri.com\/es\/wp-json\/wp\/v2\/types\/page"}],"author":[{"embeddable":true,"href":"https:\/\/meandcolibri.com\/es\/wp-json\/wp\/v2\/users\/1"}],"replies":[{"embeddable":true,"href":"https:\/\/meandcolibri.com\/es\/wp-json\/wp\/v2\/comments?post=1127"}],"version-history":[{"count":0,"href":"https:\/\/meandcolibri.com\/es\/wp-json\/wp\/v2\/pages\/1127\/revisions"}],"wp:attachment":[{"href":"https:\/\/meandcolibri.com\/es\/wp-json\/wp\/v2\/media?parent=1127"}],"curies":[{"name":"wp","href":"https:\/\/api.w.org\/{rel}","templated":true}]}}